{"id":65056,"date":"2025-01-30T11:46:15","date_gmt":"2025-01-30T10:46:15","guid":{"rendered":"https:\/\/vinseum.cat\/alquiler-de-espacios\/"},"modified":"2025-08-19T12:39:19","modified_gmt":"2025-08-19T10:39:19","slug":"alquiler-de-espacios","status":"publish","type":"page","link":"https:\/\/vinseum.cat\/es\/alquiler-de-espacios\/","title":{"rendered":"Alquiler de espacios"},"content":{"rendered":"<p>Un patio g\u00f3tico totalmente rehabilitado y cubierto que permite su uso independientemente de las condiciones meteorol\u00f3gicas.<\/p>\n<p>Debido a su ubicaci\u00f3n central, su uso queda restringido en horario y siempre que no perturbe el funcionamiento de la Taberna del VINSEUM ni se solape con la programaci\u00f3n de actos del museo.<\/p>\n<p>Ubicado en la planta baja del Palacio Real, es un espacio totalmente adaptado y accesible.<\/p>\n","protected":false},"excerpt":{"rendered":"<p>Un patio g\u00f3tico totalmente rehabilitado y cubierto que permite su uso independientemente de las condiciones meteorol\u00f3gicas. Debido a su ubicaci\u00f3n central, su uso queda restringido en horario y siempre que no perturbe el funcionamiento de la Taberna del VINSEUM ni se solape con la programaci\u00f3n de actos del museo. Ubicado en la planta baja del<a href=\"https:\/\/vinseum.cat\/es\/alquiler-de-espacios\/\">Segueix llegint <span class=\"sr-only\">\u00abAlquiler de espacios\u00bb<\/span><\/a><\/p>\n","protected":false},"author":1,"featured_media":0,"parent":0,"menu_order":0,"comment_status":"closed","ping_status":"closed","template":"page-lloguer-espais.php","meta":{"_acf_changed":false,"slim_seo":{"title":"Alquiler de espacios - VINSEUM","description":"Un patio g\u00f3tico totalmente rehabilitado y cubierto que permite su uso independientemente de las condiciones meteorol\u00f3gicas. Debido a su ubicaci\u00f3n central, su us"},"footnotes":""},"class_list":["post-65056","page","type-page","status-publish","hentry"],"acf":[],"_links":{"self":[{"href":"https:\/\/vinseum.cat\/es\/wp-json\/wp\/v2\/pages\/65056","targetHints":{"allow":["GET"]}}],"collection":[{"href":"https:\/\/vinseum.cat\/es\/wp-json\/wp\/v2\/pages"}],"about":[{"href":"https:\/\/vinseum.cat\/es\/wp-json\/wp\/v2\/types\/page"}],"author":[{"embeddable":true,"href":"https:\/\/vinseum.cat\/es\/wp-json\/wp\/v2\/users\/1"}],"replies":[{"embeddable":true,"href":"https:\/\/vinseum.cat\/es\/wp-json\/wp\/v2\/comments?post=65056"}],"version-history":[{"count":1,"href":"https:\/\/vinseum.cat\/es\/wp-json\/wp\/v2\/pages\/65056\/revisions"}],"predecessor-version":[{"id":66192,"href":"https:\/\/vinseum.cat\/es\/wp-json\/wp\/v2\/pages\/65056\/revisions\/66192"}],"wp:attachment":[{"href":"https:\/\/vinseum.cat\/es\/wp-json\/wp\/v2\/media?parent=65056"}],"curies":[{"name":"wp","href":"https:\/\/api.w.org\/{rel}","templated":true}]}}