{"id":66174,"date":"2025-01-30T11:46:15","date_gmt":"2025-01-30T10:46:15","guid":{"rendered":"https:\/\/vinseum.cat\/venue-hire\/"},"modified":"2026-02-09T12:08:58","modified_gmt":"2026-02-09T11:08:58","slug":"venue-hire","status":"publish","type":"page","link":"https:\/\/vinseum.cat\/en\/venue-hire\/","title":{"rendered":"Space Rental"},"content":{"rendered":"<p>Un pati g\u00f2tic totalment renovat i cobert que permet el seu \u00fas independentment de les condicions meteorol\u00f2giques.<\/p>\n<p>Degut a la seva ubicaci\u00f3 central, el seu \u00fas est\u00e0 restringit en termes d\u2019horaris i sempre que no interfereixi amb el funcionament de la Taverna del VINSEUM ni coincideixi amb la programaci\u00f3 d\u2019esdeveniments del museu.<\/p>\n<p>Situat a la planta baixa del Palau Reial, \u00e9s un espai totalment adaptat i accessible.<\/p>\n","protected":false},"excerpt":{"rendered":"<p>Un pati g\u00f2tic totalment renovat i cobert que permet el seu \u00fas independentment de les condicions meteorol\u00f2giques. Degut a la seva ubicaci\u00f3 central, el seu \u00fas est\u00e0 restringit en termes d\u2019horaris i sempre que no interfereixi amb el funcionament de la Taverna del VINSEUM ni coincideixi amb la programaci\u00f3 d\u2019esdeveniments del museu. Situat a la<a href=\"https:\/\/vinseum.cat\/en\/venue-hire\/\">Segueix llegint <span class=\"sr-only\">&#8220;Space Rental&#8221;<\/span><\/a><\/p>\n","protected":false},"author":1,"featured_media":0,"parent":0,"menu_order":0,"comment_status":"closed","ping_status":"closed","template":"page-lloguer-espais.php","meta":{"_acf_changed":false,"slim_seo":{"title":"Space Rental - VINSEUM","description":"Un pati g\u00f2tic totalment renovat i cobert que permet el seu \u00fas independentment de les condicions meteorol\u00f2giques. Degut a la seva ubicaci\u00f3 central, el seu \u00fas est"},"footnotes":""},"class_list":["post-66174","page","type-page","status-publish","hentry"],"acf":[],"_links":{"self":[{"href":"https:\/\/vinseum.cat\/en\/wp-json\/wp\/v2\/pages\/66174","targetHints":{"allow":["GET"]}}],"collection":[{"href":"https:\/\/vinseum.cat\/en\/wp-json\/wp\/v2\/pages"}],"about":[{"href":"https:\/\/vinseum.cat\/en\/wp-json\/wp\/v2\/types\/page"}],"author":[{"embeddable":true,"href":"https:\/\/vinseum.cat\/en\/wp-json\/wp\/v2\/users\/1"}],"replies":[{"embeddable":true,"href":"https:\/\/vinseum.cat\/en\/wp-json\/wp\/v2\/comments?post=66174"}],"version-history":[{"count":3,"href":"https:\/\/vinseum.cat\/en\/wp-json\/wp\/v2\/pages\/66174\/revisions"}],"predecessor-version":[{"id":66893,"href":"https:\/\/vinseum.cat\/en\/wp-json\/wp\/v2\/pages\/66174\/revisions\/66893"}],"wp:attachment":[{"href":"https:\/\/vinseum.cat\/en\/wp-json\/wp\/v2\/media?parent=66174"}],"curies":[{"name":"wp","href":"https:\/\/api.w.org\/{rel}","templated":true}]}}